{"id":485,"date":"2020-02-05T17:26:28","date_gmt":"2020-02-05T16:26:28","guid":{"rendered":"https:\/\/velo-livre.com\/?page_id=485"},"modified":"2022-01-13T12:01:44","modified_gmt":"2022-01-13T11:01:44","slug":"pistes-cyclables-seignosse","status":"publish","type":"page","link":"https:\/\/velo-livre.com\/en\/pistes-cyclables-seignosse\/","title":{"rendered":"Pistes cyclables Seignosse"},"content":{"rendered":"\n<div class=\"wp-block-cover alignfull has-background-dim-10 has-background-dim is-style-default\"><img loading=\"lazy\" decoding=\"async\" width=\"2000\" height=\"1333\" data-attachment-id=\"1844\" data-permalink=\"https:\/\/velo-livre.com\/en\/happy-family-running-on-a-sandy-beach\/\" data-orig-file=\"https:\/\/velo-livre.com\/wp-content\/uploads\/2020\/03\/velo_livre.com-couple-fils-plage-marchent-velo.jpeg\" data-orig-size=\"2000,1333\" data-comments-opened=\"1\" data-image-meta=\"{&quot;aperture&quot;:&quot;4.5&quot;,&quot;credit&quot;:&quot;goodluz - stock.adobe.com&quot;,&quot;camera&quot;:&quot;Canon EOS-1D X&quot;,&quot;caption&quot;:&quot;happy family running on a sandy beach&quot;,&quot;created_timestamp&quot;:&quot;1435049090&quot;,&quot;copyright&quot;:&quot;\\u00a9goodluz - stock.adobe.com&quot;,&quot;focal_length&quot;:&quot;24&quot;,&quot;iso&quot;:&quot;200&quot;,&quot;shutter_speed&quot;:&quot;0.001&quot;,&quot;title&quot;:&quot;happy family running on a sandy beach&quot;,&quot;orientation&quot;:&quot;1&quot;}\" data-image-title=\"happy family running on a sandy beach\" data-image-description=\"\" data-image-caption=\"&lt;p&gt;happy family running on a sandy beach&lt;\/p&gt;\n\" data-medium-file=\"https:\/\/velo-livre.com\/wp-content\/uploads\/2020\/03\/velo_livre.com-couple-fils-plage-marchent-velo-300x200.jpeg\" data-large-file=\"https:\/\/velo-livre.com\/wp-content\/uploads\/2020\/03\/velo_livre.com-couple-fils-plage-marchent-velo-1024x682.jpeg\" class=\"wp-block-cover__image-background wp-image-1844\" alt=\"\" src=\"https:\/\/velo-livre.com\/wp-content\/uploads\/2020\/03\/velo_livre.com-couple-fils-plage-marchent-velo.jpeg\" style=\"object-position:37% 48%\" data-object-fit=\"cover\" data-object-position=\"37% 48%\" srcset=\"https:\/\/velo-livre.com\/wp-content\/uploads\/2020\/03\/velo_livre.com-couple-fils-plage-marchent-velo.jpeg 2000w, https:\/\/velo-livre.com\/wp-content\/uploads\/2020\/03\/velo_livre.com-couple-fils-plage-marchent-velo-300x200.jpeg 300w, https:\/\/velo-livre.com\/wp-content\/uploads\/2020\/03\/velo_livre.com-couple-fils-plage-marchent-velo-1024x682.jpeg 1024w, https:\/\/velo-livre.com\/wp-content\/uploads\/2020\/03\/velo_livre.com-couple-fils-plage-marchent-velo-768x512.jpeg 768w, https:\/\/velo-livre.com\/wp-content\/uploads\/2020\/03\/velo_livre.com-couple-fils-plage-marchent-velo-1600x1066.jpeg 1600w, https:\/\/velo-livre.com\/wp-content\/uploads\/2020\/03\/velo_livre.com-couple-fils-plage-marchent-velo-1536x1024.jpeg 1536w, https:\/\/velo-livre.com\/wp-content\/uploads\/2020\/03\/velo_livre.com-couple-fils-plage-marchent-velo-1200x800.jpeg 1200w\" sizes=\"auto, (max-width: 2000px) 100vw, 2000px\" \/><div class=\"wp-block-cover__inner-container is-layout-flow wp-block-cover-is-layout-flow\">\n<h1 class=\"has-text-align-center has-custom-transform wp-block-heading\" style=\"text-transform:uppercase\">Pistes cyclables \u00e0 Seignosse<\/h1>\n\n\n\n<p class=\"has-text-align-center\"><\/p>\n\n\n\n<center><div class=\"wp-block-button aligncenter\"><a class=\"wp-block-button__link has-foreground-color has-text-color has-background\" href=\"https:\/\/velo-livre-com.lokki.rent\" style=\"border-radius:3px;background-color:#f18434\">Choisir mon v\u00e9lo <\/a><\/div><\/center>\n\n\n\n<p><\/p>\n<\/div><\/div>\n\n\n\n<div class=\"wp-block-group alignfull has-background-background-color has-background\"><div class=\"wp-block-group__inner-container is-layout-flow wp-block-group-is-layout-flow\">\n<div class=\"wp-block-columns alignwide is-layout-flex wp-container-core-columns-is-layout-9d6595d7 wp-block-columns-is-layout-flex\">\n<div class=\"wp-block-column is-layout-flow wp-block-column-is-layout-flow\"><\/div>\n\n\n\n<div class=\"wp-block-column is-layout-flow wp-block-column-is-layout-flow\"><\/div>\n\n\n\n<div class=\"wp-block-column is-layout-flow wp-block-column-is-layout-flow\"><\/div>\n<\/div>\n<\/div><\/div>\n\n\n\n<div class=\"wp-block-group\"><div class=\"wp-block-group__inner-container is-layout-flow wp-block-group-is-layout-flow\">\n<div class=\"wp-block-group\"><div class=\"wp-block-group__inner-container is-layout-flow wp-block-group-is-layout-flow\"><\/div><\/div>\n<\/div><\/div>\n\n\n\n<div class=\"wp-block-group has-background-background-color has-background\"><div class=\"wp-block-group__inner-container is-layout-flow wp-block-group-is-layout-flow\"><\/div><\/div>\n\n\n\n<h2 class=\"has-text-align-center wp-block-heading\">Pistes Cyclables Seignosse <\/h2>\n\n\n\n<div style=\"height:20px\" aria-hidden=\"true\" class=\"wp-block-spacer\"><\/div>\n\n\n\n<div class=\"wp-block-group has-background-background-color has-background\"><div class=\"wp-block-group__inner-container is-layout-flow wp-block-group-is-layout-flow\">\n<p class=\"has-text-align-center\">Notre <strong>guide des plus belles balades <\/strong>vous sera remis gratuitement lors de la livraison de vos v\u00e9los.<\/p>\n\n\n\n<p class=\"has-text-align-center\"> \u00c0 Seignosse, vous pouvez oublier votre voiture ! La ville est d&rsquo;ailleurs d\u00e9cor\u00e9e du label \u00ab\u00a0Accueil v\u00e9los\u00a0\u00bb. Entre oc\u00e9an et for\u00eats de pins, plus de 40 km de sentiers balis\u00e9s et 20 km de voies cyclables vous attendent. Elles sont g\u00e9n\u00e9ralement prot\u00e9g\u00e9es de la route et vous permettent de rejoindre le village, les plages ou le golf \u00e0 votre rythme. <\/p>\n\n\n\n<p class=\"has-text-align-center\">La V\u00e9lodys\u00e9e vous permet quant \u00e0 elle de traverser Seignosse Oc\u00e9an du nord au sud, elle rejoint les stations voisines : Capbreton, Hossegor, Souston-Plage, Vieux boucaux, etc. <\/p>\n\n\n\n<p class=\"has-text-align-center\">R\u00e9servez vos v\u00e9los et utilisez notre <strong>guide des des plus belles balades  <\/strong>afin de d\u00e9couvrir tous les itin\u00e9raires v\u00e9los qui s&rsquo;offrent \u00e0 vous.<\/p>\n<\/div><\/div>\n\n\n\n<div class=\"passster-form\" id=\"ps-748\">\n    <form class=\"password-form\" method=\"post\" autocomplete=\"off\" target=\"_top\">\n        <span class=\"ps-form-headline\">Acc\u00e9dez \u00e0 notre guide des plus belles pistes cyclables<\/span>\n        <div class=\"ps-form-instructions-wrap\">Notre guide des plus belles pistes cyclables est r\u00e9serv\u00e9 \u00e0 notre client\u00e8le V\u00e9lo-livr\u00e9.com. Renseignez le mot de passe indiqu\u00e9 dans le SMS de r\u00e9servation afin d'y avoir acc\u00e8s. \n<\/div>\n        <fieldset>\n            <span class=\"ps-loader\" style=\"display:none;\"><img decoding=\"async\" src=\"https:\/\/velo-livre.com\/wp-content\/plugins\/content-protector\/assets\/public\/ps-loader.svg\" alt=\"\" \/><\/span>\n            <label for=\"input-ps-748\" style=\"display:none;\" class=\"passster-hidden\">Enter your password<\/label>\n            <input placeholder=\"Entrez le mot de passe\" type=\"password\" tabindex=\"1\" name=\"passster_password\"\n                   id=\"input-ps-748\" class=\"passster-password\" autocomplete=\"off\"\n                   data-protection-type=\"password\" data-list=\"[PASSSTER_LIST]\" data-lists=\"[PASSSTER_LISTS]\" data-area=\"[PASSSTER_AREA]\"\n                   data-protection=\"[PASSSTER_PROTECTION]\">\n            \n            <button name=\"submit\" type=\"submit\" class=\"passster-submit\" data-psid=\"ps-748\" data-post-id=\"485\" data-term-id=\"0\" \n                    data-submit=\"...Checking Password\" data-redirect=\"\">Afficher le guide \n            <\/button>\n            <div class=\"passster-error\"><\/div>\n        <\/fieldset>\n    <\/form>\n<\/div>\n\n","protected":false},"excerpt":{"rendered":"<p>D\u00e9couvrez les plus belles pistes cyclables de Seignosse, gr\u00e2ce \u00e0 notre guide des plus belles balades \u00e0 v\u00e9lo.<\/p>","protected":false},"author":179199810,"featured_media":2938,"parent":0,"menu_order":0,"comment_status":"closed","ping_status":"closed","template":"","meta":{"_coblocks_attr":"","_coblocks_dimensions":"","_coblocks_responsive_height":"","_coblocks_accordion_ie_support":"","advanced_seo_description":"D\u00e9couvrez les plus belles pistes cyclables de Seignosse, gr\u00e2ce \u00e0 notre guide des plus belles balades \u00e0 v\u00e9lo.","jetpack_seo_html_title":"","jetpack_seo_noindex":false,"jetpack_post_was_ever_published":false,"footnotes":""},"class_list":["post-485","page","type-page","status-publish","has-post-thumbnail","hentry"],"jetpack_likes_enabled":false,"jetpack_sharing_enabled":true,"jetpack_shortlink":"https:\/\/wp.me\/PbEiie-7P","_links":{"self":[{"href":"https:\/\/velo-livre.com\/en\/wp-json\/wp\/v2\/pages\/485","targetHints":{"allow":["GET"]}}],"collection":[{"href":"https:\/\/velo-livre.com\/en\/wp-json\/wp\/v2\/pages"}],"about":[{"href":"https:\/\/velo-livre.com\/en\/wp-json\/wp\/v2\/types\/page"}],"author":[{"embeddable":true,"href":"https:\/\/velo-livre.com\/en\/wp-json\/wp\/v2\/users\/179199810"}],"replies":[{"embeddable":true,"href":"https:\/\/velo-livre.com\/en\/wp-json\/wp\/v2\/comments?post=485"}],"version-history":[{"count":49,"href":"https:\/\/velo-livre.com\/en\/wp-json\/wp\/v2\/pages\/485\/revisions"}],"predecessor-version":[{"id":3317,"href":"https:\/\/velo-livre.com\/en\/wp-json\/wp\/v2\/pages\/485\/revisions\/3317"}],"wp:featuredmedia":[{"embeddable":true,"href":"https:\/\/velo-livre.com\/en\/wp-json\/wp\/v2\/media\/2938"}],"wp:attachment":[{"href":"https:\/\/velo-livre.com\/en\/wp-json\/wp\/v2\/media?parent=485"}],"curies":[{"name":"wp","href":"https:\/\/api.w.org\/{rel}","templated":true}]}}