{"id":927,"date":"2020-02-21T10:15:31","date_gmt":"2020-02-21T09:15:31","guid":{"rendered":"https:\/\/velo-livre.com\/?page_id=927"},"modified":"2022-01-13T11:21:03","modified_gmt":"2022-01-13T10:21:03","slug":"contact","status":"publish","type":"page","link":"https:\/\/velo-livre.com\/en\/contact\/","title":{"rendered":"Contact"},"content":{"rendered":"<div class=\"wp-block-group alignfull\"><div class=\"wp-block-group__inner-container is-layout-flow wp-block-group-is-layout-flow\">\n<div class=\"wp-block-cover alignfull has-background-dim-30 has-background-dim is-style-default mb-0 mt-0\" style=\"min-height:55px;aspect-ratio:unset;\"><img loading=\"lazy\" decoding=\"async\" width=\"2000\" height=\"1499\" data-attachment-id=\"1849\" data-permalink=\"https:\/\/velo-livre.com\/en\/father-and-son-together-are-riding-bicycles-through-the-pathway\/\" data-orig-file=\"https:\/\/velo-livre.com\/wp-content\/uploads\/2020\/03\/velo_livre.com-pere-fils-velo-stabilisateur-coucher-soleil.jpeg\" data-orig-size=\"2000,1499\" data-comments-opened=\"1\" data-image-meta=\"{&quot;aperture&quot;:&quot;4.5&quot;,&quot;credit&quot;:&quot;SkyLine - stock.adobe.com&quot;,&quot;camera&quot;:&quot;Canon EOS 5D Mark II&quot;,&quot;caption&quot;:&quot;Father and son together are riding bicycles through the pathway in the field&quot;,&quot;created_timestamp&quot;:&quot;1567627175&quot;,&quot;copyright&quot;:&quot;\\u00a9SkyLine - stock.adobe.com&quot;,&quot;focal_length&quot;:&quot;16&quot;,&quot;iso&quot;:&quot;500&quot;,&quot;shutter_speed&quot;:&quot;0.004&quot;,&quot;title&quot;:&quot;Father and son together are riding bicycles through the pathway&quot;,&quot;orientation&quot;:&quot;1&quot;}\" data-image-title=\"Father and son together are riding bicycles through the pathway\" data-image-description=\"\" data-image-caption=\"&lt;p&gt;Father and son together are riding bicycles through the pathway in the field&lt;\/p&gt;\" data-large-file=\"https:\/\/velo-livre.com\/wp-content\/uploads\/2020\/03\/velo_livre.com-pere-fils-velo-stabilisateur-coucher-soleil-1024x767.jpeg\" class=\"wp-block-cover__image-background wp-image-1849\" alt=\"\" src=\"https:\/\/velo-livre.com\/wp-content\/uploads\/2020\/03\/velo_livre.com-pere-fils-velo-stabilisateur-coucher-soleil.jpeg\" style=\"object-position:41% 38%\" data-object-fit=\"cover\" data-object-position=\"41% 38%\" srcset=\"https:\/\/velo-livre.com\/wp-content\/uploads\/2020\/03\/velo_livre.com-pere-fils-velo-stabilisateur-coucher-soleil.jpeg 2000w, https:\/\/velo-livre.com\/wp-content\/uploads\/2020\/03\/velo_livre.com-pere-fils-velo-stabilisateur-coucher-soleil-300x225.jpeg 300w, https:\/\/velo-livre.com\/wp-content\/uploads\/2020\/03\/velo_livre.com-pere-fils-velo-stabilisateur-coucher-soleil-1024x767.jpeg 1024w, https:\/\/velo-livre.com\/wp-content\/uploads\/2020\/03\/velo_livre.com-pere-fils-velo-stabilisateur-coucher-soleil-768x576.jpeg 768w, https:\/\/velo-livre.com\/wp-content\/uploads\/2020\/03\/velo_livre.com-pere-fils-velo-stabilisateur-coucher-soleil-1600x1199.jpeg 1600w, https:\/\/velo-livre.com\/wp-content\/uploads\/2020\/03\/velo_livre.com-pere-fils-velo-stabilisateur-coucher-soleil-1536x1151.jpeg 1536w, https:\/\/velo-livre.com\/wp-content\/uploads\/2020\/03\/velo_livre.com-pere-fils-velo-stabilisateur-coucher-soleil-1200x899.jpeg 1200w, https:\/\/velo-livre.com\/wp-content\/uploads\/2020\/03\/velo_livre.com-pere-fils-velo-stabilisateur-coucher-soleil-800x600.jpeg 800w, https:\/\/velo-livre.com\/wp-content\/uploads\/2020\/03\/velo_livre.com-pere-fils-velo-stabilisateur-coucher-soleil-400x300.jpeg 400w, https:\/\/velo-livre.com\/wp-content\/uploads\/2020\/03\/velo_livre.com-pere-fils-velo-stabilisateur-coucher-soleil-200x150.jpeg 200w\" sizes=\"auto, (max-width: 2000px) 100vw, 2000px\" \/><div class=\"wp-block-cover__inner-container is-layout-flow wp-block-cover-is-layout-flow\">\n<amp-fit-text layout=\"fixed-height\" min-font-size=\"6\" max-font-size=\"72\" height=\"80\"><h1 class=\"has-text-align-center has-custom-transform mb-0 pb-0 mt-0 pt-0 wp-block-heading\" style=\"text-transform:uppercase;font-size:48px\">nOUS CONTACTER<\/h1><\/amp-fit-text>\n\n\n\n<blockquote class=\"wp-block-quote is-style-large is-layout-flow wp-block-quote-is-layout-flow\" style=\"color:#fff\"><p>Ouvert tous les jours de 8h00 \u00e0 20h00 <em> <\/em><\/p><\/blockquote>\n<\/div><\/div>\n<\/div><\/div>\n\n\n\n<div class=\"wp-block-group\"><div class=\"wp-block-group__inner-container is-layout-flow wp-block-group-is-layout-flow\">\n<div style=\"height:20px\" aria-hidden=\"true\" class=\"wp-block-spacer\"><\/div>\n<\/div><\/div>\n\n\n\n<div class=\"wp-block-group has-background-background-color has-background\"><div class=\"wp-block-group__inner-container is-layout-flow wp-block-group-is-layout-flow\">\n<div class=\"wp-block-columns alignwide is-layout-flex wp-container-core-columns-is-layout-9d6595d7 wp-block-columns-is-layout-flex\">\n<div class=\"wp-block-column is-layout-flow wp-block-column-is-layout-flow\">\n<div class=\"wp-block-image\"><figure class=\"aligncenter size-large\"><img loading=\"lazy\" decoding=\"async\" width=\"120\" height=\"120\" data-attachment-id=\"1737\" data-permalink=\"https:\/\/velo-livre.com\/en\/velo-livre-com-pictogramme-telephone\/\" data-orig-file=\"https:\/\/velo-livre.com\/wp-content\/uploads\/2020\/03\/Velo-livre.com-pictogramme-telephone.png\" data-orig-size=\"120,120\" data-comments-opened=\"1\" data-image-meta=\"{&quot;aperture&quot;:&quot;0&quot;,&quot;credit&quot;:&quot;&quot;,&quot;camera&quot;:&quot;&quot;,&quot;caption&quot;:&quot;&quot;,&quot;created_timestamp&quot;:&quot;0&quot;,&quot;copyright&quot;:&quot;&quot;,&quot;focal_length&quot;:&quot;0&quot;,&quot;iso&quot;:&quot;0&quot;,&quot;shutter_speed&quot;:&quot;0&quot;,&quot;title&quot;:&quot;&quot;,&quot;orientation&quot;:&quot;0&quot;}\" data-image-title=\"Velo-livre.com-pictogramme-telephone\" data-image-description=\"\" data-image-caption=\"\" data-large-file=\"https:\/\/velo-livre.com\/wp-content\/uploads\/2020\/03\/Velo-livre.com-pictogramme-telephone.png\" src=\"https:\/\/velo-livre.com\/wp-content\/uploads\/2020\/03\/Velo-livre.com-pictogramme-telephone.png\" alt=\"\" class=\"wp-image-1737\"\/><\/figure><\/div>\n\n\n\n<h3 class=\"has-text-align-center wp-block-heading\">Par t\u00e9l\u00e9phone<\/h3>\n\n\n\n<p class=\"has-text-align-center has-small-font-size\" style=\"font-size:15px\">Une question ? Vous pouvez nous contacter par t\u00e9l\u00e9phone tous les jours de 8h00 \u00e0 20H00.<\/p>\n\n\n\n<p class=\"has-text-align-center\">\n<a href=\"tel:0609994897\">\ud83c\uddeb\ud83c\uddf7 06.09.99.48.97<\/a><\/p>\n\n\n\n<p class=\"has-text-align-center\">\n<a href=\"tel:+33609994897\">\ud83c\uddec\ud83c\udde7 +336.09.99.48.97 <\/a><\/p>\n\n\n\n<p class=\"has-text-align-center\">\n<a href=\"tel:+33630937175\">\ud83c\uddea\ud83c\uddf8 +336.30.93.71.75 <\/a><\/p>\n\n\n\n<div style=\"height:20px\" aria-hidden=\"true\" class=\"wp-block-spacer\"><\/div>\n\n\n\n<div style=\"height:20px\" aria-hidden=\"true\" class=\"wp-block-spacer\"><\/div>\n<\/div>\n\n\n\n<div class=\"wp-block-column is-layout-flow wp-block-column-is-layout-flow\">\n<div class=\"wp-block-image\"><figure class=\"aligncenter size-large\"><img loading=\"lazy\" decoding=\"async\" width=\"120\" height=\"120\" data-attachment-id=\"1730\" data-permalink=\"https:\/\/velo-livre.com\/en\/velo-livre-com-pictogramme-agenda\/\" data-orig-file=\"https:\/\/velo-livre.com\/wp-content\/uploads\/2020\/03\/Velo-livre.com-pictogramme-agenda.png\" data-orig-size=\"120,120\" data-comments-opened=\"1\" data-image-meta=\"{&quot;aperture&quot;:&quot;0&quot;,&quot;credit&quot;:&quot;&quot;,&quot;camera&quot;:&quot;&quot;,&quot;caption&quot;:&quot;&quot;,&quot;created_timestamp&quot;:&quot;0&quot;,&quot;copyright&quot;:&quot;&quot;,&quot;focal_length&quot;:&quot;0&quot;,&quot;iso&quot;:&quot;0&quot;,&quot;shutter_speed&quot;:&quot;0&quot;,&quot;title&quot;:&quot;&quot;,&quot;orientation&quot;:&quot;0&quot;}\" data-image-title=\"Velo-livre.com-pictogramme-agenda\" data-image-description=\"\" data-image-caption=\"\" data-large-file=\"https:\/\/velo-livre.com\/wp-content\/uploads\/2020\/03\/Velo-livre.com-pictogramme-agenda.png\" src=\"https:\/\/velo-livre.com\/wp-content\/uploads\/2020\/03\/Velo-livre.com-pictogramme-agenda.png\" alt=\"\" class=\"wp-image-1730\"\/><\/figure><\/div>\n\n\n\n<h3 class=\"has-text-align-center wp-block-heading\">R\u00e9servez en ligne   <\/h3>\n\n\n\n<p class=\"has-text-align-center has-small-font-size\" style=\"font-size:15px\">Vous souhaitez r\u00e9server vos v\u00e9los ? Rien de plus simple!  Cliquez ci-dessous ! <\/p>\n\n\n\n<div class=\"wp-block-buttons is-content-justification-center is-layout-flex wp-block-buttons-is-layout-flex\">\n<div class=\"wp-block-button\"><a class=\"wp-block-button__link has-background\" href=\"https:\/\/velo-livre-com.lokki.rent\/\" title=\"mailto:contact@velo-livre.com\" style=\"border-radius:6px;background-color:#f18434\">R\u00e9server<\/a><\/div>\n<\/div>\n\n\n\n<p><\/p>\n<\/div>\n\n\n\n<div class=\"wp-block-column is-layout-flow wp-block-column-is-layout-flow\">\n<div class=\"wp-block-image\"><figure class=\"aligncenter size-large\"><img loading=\"lazy\" decoding=\"async\" width=\"120\" height=\"120\" data-attachment-id=\"1734\" data-permalink=\"https:\/\/velo-livre.com\/en\/velo-livre-com-pictogramme-email\/\" data-orig-file=\"https:\/\/velo-livre.com\/wp-content\/uploads\/2020\/03\/Velo-livre.com-pictogramme-email.png\" data-orig-size=\"120,120\" data-comments-opened=\"1\" data-image-meta=\"{&quot;aperture&quot;:&quot;0&quot;,&quot;credit&quot;:&quot;&quot;,&quot;camera&quot;:&quot;&quot;,&quot;caption&quot;:&quot;&quot;,&quot;created_timestamp&quot;:&quot;0&quot;,&quot;copyright&quot;:&quot;&quot;,&quot;focal_length&quot;:&quot;0&quot;,&quot;iso&quot;:&quot;0&quot;,&quot;shutter_speed&quot;:&quot;0&quot;,&quot;title&quot;:&quot;&quot;,&quot;orientation&quot;:&quot;0&quot;}\" data-image-title=\"Velo-livre.com-pictogramme-email\" data-image-description=\"\" data-image-caption=\"\" data-large-file=\"https:\/\/velo-livre.com\/wp-content\/uploads\/2020\/03\/Velo-livre.com-pictogramme-email.png\" src=\"https:\/\/velo-livre.com\/wp-content\/uploads\/2020\/03\/Velo-livre.com-pictogramme-email.png\" alt=\"\" class=\"wp-image-1734\"\/><\/figure><\/div>\n\n\n\n<h3 class=\"has-text-align-center wp-block-heading\">Par email<\/h3>\n\n\n\n<p class=\"has-text-align-center has-small-font-size\" style=\"font-size:15px\">Pour toute question ou demande sp\u00e9cifique vous pouvez nous contacter par email.<\/p>\n\n\n\n<div class=\"wp-block-buttons is-content-justification-center is-layout-flex wp-block-buttons-is-layout-flex\">\n<div class=\"wp-block-button aligncenter\"><a class=\"wp-block-button__link has-background\" href=\"mailto:contact@velo-livre.com\" title=\"mailto:contact@velo-livre.com\" style=\"border-radius:9px;background-color:#f18434\">contact@velo-livre.com<\/a><\/div>\n<\/div>\n\n\n\n<p><\/p>\n<\/div>\n<\/div>\n<\/div><\/div>\n\n\n\n<p><\/p>","protected":false},"excerpt":{"rendered":"<p>Livraison et r\u00e9cup\u00e9ration \u00e0 domicile GRATUITE, assistance d\u00e9pannage \u00e0 domicile en cas de crevaison ! Guide des plus belles balades offert.<br \/>\nLocation \u00e0 partir de 9 euros \/ jour. <\/p>","protected":false},"author":179199810,"featured_media":2938,"parent":0,"menu_order":0,"comment_status":"closed","ping_status":"closed","template":"","meta":{"_coblocks_attr":"","_coblocks_dimensions":"","_coblocks_responsive_height":"","_coblocks_accordion_ie_support":"","advanced_seo_description":"Location de v\u00e9los \u00e0 partir de 7\u20ac \/ jour. Livraison \u00e0 domicile, casques, paniers, antivols et guide des plus belles balades \u00e0 v\u00e9lo OFFERTS !!","jetpack_seo_html_title":"","jetpack_seo_noindex":false,"jetpack_post_was_ever_published":false,"footnotes":""},"class_list":["post-927","page","type-page","status-publish","has-post-thumbnail","hentry"],"jetpack_likes_enabled":false,"jetpack_sharing_enabled":true,"jetpack_shortlink":"https:\/\/wp.me\/PbEiie-eX","_links":{"self":[{"href":"https:\/\/velo-livre.com\/en\/wp-json\/wp\/v2\/pages\/927","targetHints":{"allow":["GET"]}}],"collection":[{"href":"https:\/\/velo-livre.com\/en\/wp-json\/wp\/v2\/pages"}],"about":[{"href":"https:\/\/velo-livre.com\/en\/wp-json\/wp\/v2\/types\/page"}],"author":[{"embeddable":true,"href":"https:\/\/velo-livre.com\/en\/wp-json\/wp\/v2\/users\/179199810"}],"replies":[{"embeddable":true,"href":"https:\/\/velo-livre.com\/en\/wp-json\/wp\/v2\/comments?post=927"}],"version-history":[{"count":91,"href":"https:\/\/velo-livre.com\/en\/wp-json\/wp\/v2\/pages\/927\/revisions"}],"predecessor-version":[{"id":3289,"href":"https:\/\/velo-livre.com\/en\/wp-json\/wp\/v2\/pages\/927\/revisions\/3289"}],"wp:featuredmedia":[{"embeddable":true,"href":"https:\/\/velo-livre.com\/en\/wp-json\/wp\/v2\/media\/2938"}],"wp:attachment":[{"href":"https:\/\/velo-livre.com\/en\/wp-json\/wp\/v2\/media?parent=927"}],"curies":[{"name":"wp","href":"https:\/\/api.w.org\/{rel}","templated":true}]}}