{"id":1572,"date":"2020-03-11T10:25:53","date_gmt":"2020-03-11T09:25:53","guid":{"rendered":"https:\/\/velo-livre.com\/?page_id=1572"},"modified":"2022-01-13T11:45:14","modified_gmt":"2022-01-13T10:45:14","slug":"pistes-cyclables-capbreton","status":"publish","type":"page","link":"https:\/\/velo-livre.com\/fr\/pistes-cyclables-capbreton\/","title":{"rendered":"Pistes cyclables Capbreton"},"content":{"rendered":"\n<div class=\"wp-block-cover alignfull has-background-dim-10 has-background-dim is-style-default\"><img loading=\"lazy\" decoding=\"async\" width=\"2000\" height=\"1333\" data-attachment-id=\"1845\" data-permalink=\"https:\/\/velo-livre.com\/fr\/happy-couple-on-a-bike-ride\/\" data-orig-file=\"https:\/\/velo-livre.com\/wp-content\/uploads\/2020\/03\/velo_livre.com-couple-velo_content_plage-dans-eau.jpeg\" data-orig-size=\"2000,1333\" data-comments-opened=\"1\" data-image-meta=\"{&quot;aperture&quot;:&quot;0&quot;,&quot;credit&quot;:&quot;WavebreakmediaMicro - stock.adob&quot;,&quot;camera&quot;:&quot;&quot;,&quot;caption&quot;:&quot;472266&quot;,&quot;created_timestamp&quot;:&quot;0&quot;,&quot;copyright&quot;:&quot;\\u00a9WavebreakmediaMicro - stock.adobe.com&quot;,&quot;focal_length&quot;:&quot;0&quot;,&quot;iso&quot;:&quot;0&quot;,&quot;shutter_speed&quot;:&quot;0&quot;,&quot;title&quot;:&quot;Happy couple on a bike ride&quot;,&quot;orientation&quot;:&quot;1&quot;}\" data-image-title=\"Happy couple on a bike ride\" data-image-description=\"\" data-image-caption=\"&lt;p&gt;472266&lt;\/p&gt;\n\" data-large-file=\"https:\/\/velo-livre.com\/wp-content\/uploads\/2020\/03\/velo_livre.com-couple-velo_content_plage-dans-eau-1024x682.jpeg\" class=\"wp-block-cover__image-background wp-image-1845\" alt=\"\" src=\"https:\/\/velo-livre.com\/wp-content\/uploads\/2020\/03\/velo_livre.com-couple-velo_content_plage-dans-eau.jpeg\" style=\"object-position:57% 55%\" data-object-fit=\"cover\" data-object-position=\"57% 55%\" srcset=\"https:\/\/velo-livre.com\/wp-content\/uploads\/2020\/03\/velo_livre.com-couple-velo_content_plage-dans-eau.jpeg 2000w, https:\/\/velo-livre.com\/wp-content\/uploads\/2020\/03\/velo_livre.com-couple-velo_content_plage-dans-eau-300x200.jpeg 300w, https:\/\/velo-livre.com\/wp-content\/uploads\/2020\/03\/velo_livre.com-couple-velo_content_plage-dans-eau-1024x682.jpeg 1024w, https:\/\/velo-livre.com\/wp-content\/uploads\/2020\/03\/velo_livre.com-couple-velo_content_plage-dans-eau-768x512.jpeg 768w, https:\/\/velo-livre.com\/wp-content\/uploads\/2020\/03\/velo_livre.com-couple-velo_content_plage-dans-eau-1600x1066.jpeg 1600w, https:\/\/velo-livre.com\/wp-content\/uploads\/2020\/03\/velo_livre.com-couple-velo_content_plage-dans-eau-1536x1024.jpeg 1536w, https:\/\/velo-livre.com\/wp-content\/uploads\/2020\/03\/velo_livre.com-couple-velo_content_plage-dans-eau-1200x800.jpeg 1200w\" sizes=\"auto, (max-width: 2000px) 100vw, 2000px\" \/><div class=\"wp-block-cover__inner-container is-layout-flow wp-block-cover-is-layout-flow\">\n<h1 class=\"has-text-align-center has-custom-transform wp-block-heading\" style=\"text-transform:uppercase\">Pistes cyclables \u00e0 Capbreton <\/h1>\n\n\n\n<p><\/p>\n\n\n\n<center><div class=\"wp-block-button aligncenter\"><a class=\"wp-block-button__link has-foreground-color has-text-color has-background\" href=\"https:\/\/velo-livre-com.lokki.rent\" title=\"https:\/\/velo-livre-com.lokki.rent\" style=\"border-radius:3px;background-color:#f18434\">Choisir mon v\u00e9lo<\/a><\/div><\/center>\n\n\n\n<p><\/p>\n<\/div><\/div>\n\n\n\n<div class=\"wp-block-group alignfull has-background-background-color has-background\"><div class=\"wp-block-group__inner-container is-layout-flow wp-block-group-is-layout-flow\">\n<div class=\"wp-block-columns alignwide is-layout-flex wp-container-core-columns-is-layout-9d6595d7 wp-block-columns-is-layout-flex\">\n<div class=\"wp-block-column is-layout-flow wp-block-column-is-layout-flow\"><\/div>\n\n\n\n<div class=\"wp-block-column is-layout-flow wp-block-column-is-layout-flow\"><\/div>\n\n\n\n<div class=\"wp-block-column is-layout-flow wp-block-column-is-layout-flow\"><\/div>\n<\/div>\n<\/div><\/div>\n\n\n\n<div class=\"wp-block-group\"><div class=\"wp-block-group__inner-container is-layout-flow wp-block-group-is-layout-flow\">\n<div class=\"wp-block-group\"><div class=\"wp-block-group__inner-container is-layout-flow wp-block-group-is-layout-flow\"><\/div><\/div>\n<\/div><\/div>\n\n\n\n<div class=\"wp-block-group has-background-background-color has-background\"><div class=\"wp-block-group__inner-container is-layout-flow wp-block-group-is-layout-flow\"><\/div><\/div>\n\n\n\n<div style=\"height:20px\" aria-hidden=\"true\" class=\"wp-block-spacer\"><\/div>\n\n\n\n<div class=\"wp-block-group has-background-background-color has-background\"><div class=\"wp-block-group__inner-container is-layout-flow wp-block-group-is-layout-flow\">\n<p class=\"has-text-align-center\">Notre&nbsp;<strong>guide des plus belles balades<\/strong>&nbsp;vous sera remis gratuitement lors de la livraison de vos v\u00e9los. Vous pourrez par exemple suivre le circuit du Tuc des neufs \u00e9glises ! Partir de Capbreton et prendre la direction du site naturel prot\u00e9g\u00e9 de la Semie, Longer le Boudigau (canal qui draine le Marais d&rsquo;Orx) pour un parcours d\u00e9paysant d&rsquo;environ 10 kilom\u00e8tres. <\/p>\n\n\n\n<p class=\"has-text-align-center\">D&rsquo;autres possibilit\u00e9 s&rsquo;offriront \u00e0 vous gr\u00e2ce \u00e0 la piste cyclable \u00ab\u00a0V\u00e9lodys\u00e9e\u00a0\u00bb. Vous pourrez rejoindre Seignosse Oc\u00e9an et finir quelques kilom\u00e8tres plus loin sur Vieux- Boucau Port d\u2019Albret, la station baln\u00e9aire familiale par excellence.&nbsp;La piste traverse Hossegor o\u00f9&nbsp;un d\u00e9tour vers le lac marin s\u2019impose. Le Lac d\u2019Hossegor&nbsp;rendu c\u00e9l\u00e8bre par les \u00e9crivains, un atout patrimonial en perp\u00e9tuel mouvement, vivant au rythme de l\u2019oc\u00e9an. Vous y trouverez de nombreuses activit\u00e9s de loisirs comme la voile, la p\u00eache et la randonn\u00e9e. C\u2019est aussi l\u2019occasion de se rafraichir par les temps d\u2019\u00e9t\u00e9 sur l\u2019une des plages surveill\u00e9es&nbsp;! R\u00e9servez vos v\u00e9los et utilisez notre <strong>guide des pistes cyclables <\/strong>afin de suivre cet itin\u00e9raire.<\/p>\n<\/div><\/div>\n\n\n\n<div class=\"passster-form\" id=\"ps-952\">\n    <form class=\"password-form\" method=\"post\" autocomplete=\"off\" target=\"_top\">\n        <span class=\"ps-form-headline\">Acc\u00e9dez \u00e0 notre guide des plus belles pistes cyclables<\/span>\n        <div class=\"ps-form-instructions-wrap\">Notre guide des plus belles pistes cyclables est r\u00e9serv\u00e9 \u00e0 notre client\u00e8le V\u00e9lo-livr\u00e9.com. Renseignez le mot de passe indiqu\u00e9 dans le SMS de r\u00e9servation afin d'y avoir acc\u00e8s. \n<\/div>\n        <fieldset>\n            <span class=\"ps-loader\" style=\"display:none;\"><img decoding=\"async\" src=\"https:\/\/velo-livre.com\/wp-content\/plugins\/content-protector\/assets\/public\/ps-loader.svg\" alt=\"\" \/><\/span>\n            <label for=\"input-ps-952\" style=\"display:none;\" class=\"passster-hidden\">Enter your password<\/label>\n            <input placeholder=\"Entrez le mot de passe\" type=\"password\" tabindex=\"1\" name=\"passster_password\"\n                   id=\"input-ps-952\" class=\"passster-password\" autocomplete=\"off\"\n                   data-protection-type=\"password\" data-list=\"[PASSSTER_LIST]\" data-lists=\"[PASSSTER_LISTS]\" data-area=\"[PASSSTER_AREA]\"\n                   data-protection=\"[PASSSTER_PROTECTION]\">\n            \n            <button name=\"submit\" type=\"submit\" class=\"passster-submit\" data-psid=\"ps-952\" data-post-id=\"1572\" data-term-id=\"0\" \n                    data-submit=\"...Checking Password\" data-redirect=\"\">Afficher le guide \n            <\/button>\n            <div class=\"passster-error\"><\/div>\n        <\/fieldset>\n    <\/form>\n<\/div>\n\n\n\n\n<p><\/p>\n","protected":false},"excerpt":{"rendered":"<p>D\u00e9couvrez les plus belles pistes cyclables de Capbreton, gr\u00e2ce \u00e0 notre guide des plus belles balades \u00e0 v\u00e9lo.<\/p>\n","protected":false},"author":179199810,"featured_media":2938,"parent":0,"menu_order":0,"comment_status":"closed","ping_status":"closed","template":"","meta":{"_coblocks_attr":"","_coblocks_dimensions":"","_coblocks_responsive_height":"","_coblocks_accordion_ie_support":"","advanced_seo_description":"D\u00e9couvrez les plus belles pistes cyclables de Capbreton, gr\u00e2ce \u00e0 notre guide des plus belles balades \u00e0 v\u00e9lo.","jetpack_seo_html_title":"","jetpack_seo_noindex":false,"footnotes":""},"class_list":["post-1572","page","type-page","status-publish","has-post-thumbnail","hentry"],"jetpack_likes_enabled":false,"jetpack_sharing_enabled":true,"jetpack_shortlink":"https:\/\/wp.me\/PbEiie-pm","_links":{"self":[{"href":"https:\/\/velo-livre.com\/fr\/wp-json\/wp\/v2\/pages\/1572","targetHints":{"allow":["GET"]}}],"collection":[{"href":"https:\/\/velo-livre.com\/fr\/wp-json\/wp\/v2\/pages"}],"about":[{"href":"https:\/\/velo-livre.com\/fr\/wp-json\/wp\/v2\/types\/page"}],"author":[{"embeddable":true,"href":"https:\/\/velo-livre.com\/fr\/wp-json\/wp\/v2\/users\/179199810"}],"replies":[{"embeddable":true,"href":"https:\/\/velo-livre.com\/fr\/wp-json\/wp\/v2\/comments?post=1572"}],"version-history":[{"count":16,"href":"https:\/\/velo-livre.com\/fr\/wp-json\/wp\/v2\/pages\/1572\/revisions"}],"predecessor-version":[{"id":3308,"href":"https:\/\/velo-livre.com\/fr\/wp-json\/wp\/v2\/pages\/1572\/revisions\/3308"}],"wp:featuredmedia":[{"embeddable":true,"href":"https:\/\/velo-livre.com\/fr\/wp-json\/wp\/v2\/media\/2938"}],"wp:attachment":[{"href":"https:\/\/velo-livre.com\/fr\/wp-json\/wp\/v2\/media?parent=1572"}],"curies":[{"name":"wp","href":"https:\/\/api.w.org\/{rel}","templated":true}]}}