{"id":1578,"date":"2020-03-11T10:29:55","date_gmt":"2020-03-11T09:29:55","guid":{"rendered":"https:\/\/velo-livre.com\/?page_id=1578"},"modified":"2022-01-13T11:49:30","modified_gmt":"2022-01-13T10:49:30","slug":"pistes-cyclables-moliets-et-maa","status":"publish","type":"page","link":"https:\/\/velo-livre.com\/fr\/pistes-cyclables-moliets-et-maa\/","title":{"rendered":"Pistes cyclables Moliets-et-Maa"},"content":{"rendered":"\n<div class=\"wp-block-cover alignfull has-background-dim-20 has-background-dim is-style-default\"><img loading=\"lazy\" decoding=\"async\" width=\"2000\" height=\"1335\" data-attachment-id=\"1723\" data-permalink=\"https:\/\/velo-livre.com\/fr\/enjoying-a-leisurely-beach-cycle\/\" data-orig-file=\"https:\/\/velo-livre.com\/wp-content\/uploads\/2020\/03\/Velo-livre.com-femme-pedale-velo-plage-sourire.jpg\" data-orig-size=\"2000,1335\" data-comments-opened=\"1\" data-image-meta=\"{&quot;aperture&quot;:&quot;3.5&quot;,&quot;credit&quot;:&quot;Getty Images&quot;,&quot;camera&quot;:&quot;NIKON D800E&quot;,&quot;caption&quot;:&quot;An attractive young woman cycling barefoot on the beach&quot;,&quot;created_timestamp&quot;:&quot;1391990400&quot;,&quot;copyright&quot;:&quot;pixdeluxe&quot;,&quot;focal_length&quot;:&quot;24&quot;,&quot;iso&quot;:&quot;160&quot;,&quot;shutter_speed&quot;:&quot;0.001&quot;,&quot;title&quot;:&quot;Enjoying a leisurely beach cycle&quot;,&quot;orientation&quot;:&quot;1&quot;}\" data-image-title=\"Enjoying a leisurely beach cycle\" data-image-description=\"\" data-image-caption=\"&lt;p&gt;An attractive young woman cycling barefoot on the beach&lt;\/p&gt;\n\" data-medium-file=\"https:\/\/velo-livre.com\/wp-content\/uploads\/2020\/03\/Velo-livre.com-femme-pedale-velo-plage-sourire-300x200.jpg\" data-large-file=\"https:\/\/velo-livre.com\/wp-content\/uploads\/2020\/03\/Velo-livre.com-femme-pedale-velo-plage-sourire-1024x684.jpg\" class=\"wp-block-cover__image-background wp-image-1723\" alt=\"\" src=\"https:\/\/velo-livre.com\/wp-content\/uploads\/2020\/03\/Velo-livre.com-femme-pedale-velo-plage-sourire.jpg\" style=\"object-position:67% 7%\" data-object-fit=\"cover\" data-object-position=\"67% 7%\" srcset=\"https:\/\/velo-livre.com\/wp-content\/uploads\/2020\/03\/Velo-livre.com-femme-pedale-velo-plage-sourire.jpg 2000w, https:\/\/velo-livre.com\/wp-content\/uploads\/2020\/03\/Velo-livre.com-femme-pedale-velo-plage-sourire-300x200.jpg 300w, https:\/\/velo-livre.com\/wp-content\/uploads\/2020\/03\/Velo-livre.com-femme-pedale-velo-plage-sourire-1024x684.jpg 1024w, https:\/\/velo-livre.com\/wp-content\/uploads\/2020\/03\/Velo-livre.com-femme-pedale-velo-plage-sourire-768x513.jpg 768w, https:\/\/velo-livre.com\/wp-content\/uploads\/2020\/03\/Velo-livre.com-femme-pedale-velo-plage-sourire-1600x1068.jpg 1600w, https:\/\/velo-livre.com\/wp-content\/uploads\/2020\/03\/Velo-livre.com-femme-pedale-velo-plage-sourire-1536x1025.jpg 1536w, https:\/\/velo-livre.com\/wp-content\/uploads\/2020\/03\/Velo-livre.com-femme-pedale-velo-plage-sourire-1200x801.jpg 1200w\" sizes=\"auto, (max-width: 2000px) 100vw, 2000px\" \/><div class=\"wp-block-cover__inner-container is-layout-flow wp-block-cover-is-layout-flow\">\n<h1 class=\"has-text-align-center has-custom-transform wp-block-heading\" style=\"text-transform:uppercase\">Pistes cyclables \u00e0 Moliets-et-Maa  <\/h1>\n\n\n\n<p><\/p>\n\n\n\n<center><div class=\"wp-block-button aligncenter\"><a class=\"wp-block-button__link has-foreground-color has-text-color has-background\" href=\"https:\/\/velo-livre-com.lokki.rent\" title=\"https:\/\/velo-livre-com.lokki.rent\" style=\"border-radius:3px;background-color:#f18434\">Choisir mon v\u00e9lo<\/a><\/div><\/center>\n\n\n\n<p><\/p>\n<\/div><\/div>\n\n\n\n<div class=\"wp-block-group alignfull has-background-background-color has-background\"><div class=\"wp-block-group__inner-container is-layout-flow wp-block-group-is-layout-flow\">\n<div class=\"wp-block-columns alignwide is-layout-flex wp-container-core-columns-is-layout-9d6595d7 wp-block-columns-is-layout-flex\">\n<div class=\"wp-block-column is-layout-flow wp-block-column-is-layout-flow\"><\/div>\n\n\n\n<div class=\"wp-block-column is-layout-flow wp-block-column-is-layout-flow\"><\/div>\n\n\n\n<div class=\"wp-block-column is-layout-flow wp-block-column-is-layout-flow\"><\/div>\n<\/div>\n<\/div><\/div>\n\n\n\n<div class=\"wp-block-group\"><div class=\"wp-block-group__inner-container is-layout-flow wp-block-group-is-layout-flow\">\n<div class=\"wp-block-group\"><div class=\"wp-block-group__inner-container is-layout-flow wp-block-group-is-layout-flow\"><\/div><\/div>\n<\/div><\/div>\n\n\n\n<div class=\"wp-block-group has-background-background-color has-background\"><div class=\"wp-block-group__inner-container is-layout-flow wp-block-group-is-layout-flow\"><\/div><\/div>\n\n\n\n<h2 class=\"has-text-align-center wp-block-heading\">Pistes Cyclables \u00e0 Moliets-et-Maa<\/h2>\n\n\n\n<div style=\"height:20px\" aria-hidden=\"true\" class=\"wp-block-spacer\"><\/div>\n\n\n\n<div class=\"wp-block-group has-background-background-color has-background\"><div class=\"wp-block-group__inner-container is-layout-flow wp-block-group-is-layout-flow\">\n<p class=\"has-text-align-center\">Notre <strong>guide des plus belles balades <\/strong>vous sera remis gratuitement lors de la livraison de vos v\u00e9los. <\/p>\n\n\n\n<p class=\"has-text-align-center\">Vous pourrez utiliser la fameuse v\u00e9lodys\u00e9e si vous souhaitez rejoindre Messanges et r\u00e9cup\u00e9rer la piste cyclable transversale afin de vous rediriger vers Azur. Il vous sera \u00e9galement possible de continuez plus au sud vers Hossegor !<\/p>\n\n\n\n<p class=\"has-text-align-center\"> Nous vous conseillons de d\u00e9couvrir la for\u00eat Molietsoise o\u00f9 de nombreuses pistes cyclables s&rsquo;offrent \u00e0 vous. Vous pourrez par exemple faire le tour de l&rsquo;\u00e9tang, emprunter le sentier du Larbey, parcourir la piste des ch\u00eanes-li\u00e8ges ou encore vous promenez autour du golf de Moliets-et-Maa. R\u00e9servez vos v\u00e9los et utilisez notre <strong>guide des pistes cyclables<\/strong> afin de suivre ces itin\u00e9raires !<\/p>\n\n\n\n<div class=\"passster-form\" id=\"ps-948\">\n    <form class=\"password-form\" method=\"post\" autocomplete=\"off\" target=\"_top\">\n        <span class=\"ps-form-headline\">Acc\u00e9dez \u00e0 notre guide des plus belles pistes cyclables<\/span>\n        <div class=\"ps-form-instructions-wrap\">Notre guide des plus belles pistes cyclables est r\u00e9serv\u00e9 \u00e0 notre client\u00e8le V\u00e9lo-livr\u00e9.com. Renseignez le mot de passe indiqu\u00e9 dans le SMS de r\u00e9servation afin d'y avoir acc\u00e8s. \n<\/div>\n        <fieldset>\n            <span class=\"ps-loader\" style=\"display:none;\"><img decoding=\"async\" src=\"https:\/\/velo-livre.com\/wp-content\/plugins\/content-protector\/assets\/public\/ps-loader.svg\" alt=\"\" \/><\/span>\n            <label for=\"input-ps-948\" style=\"display:none;\" class=\"passster-hidden\">Enter your password<\/label>\n            <input placeholder=\"Entrez le mot de passe\" type=\"password\" tabindex=\"1\" name=\"passster_password\"\n                   id=\"input-ps-948\" class=\"passster-password\" autocomplete=\"off\"\n                   data-protection-type=\"password\" data-list=\"[PASSSTER_LIST]\" data-lists=\"[PASSSTER_LISTS]\" data-area=\"[PASSSTER_AREA]\"\n                   data-protection=\"[PASSSTER_PROTECTION]\">\n            \n            <button name=\"submit\" type=\"submit\" class=\"passster-submit\" data-psid=\"ps-948\" data-post-id=\"1578\" data-term-id=\"0\" \n                    data-submit=\"...Checking Password\" data-redirect=\"\">Afficher le guide \n            <\/button>\n            <div class=\"passster-error\"><\/div>\n        <\/fieldset>\n    <\/form>\n<\/div>\n\n<\/div><\/div>\n\n\n\n<hr class=\"wp-block-separator has-text-color has-background has-foreground-dark-background-color has-foreground-dark-color is-style-wide\"\/>\n\n\n\n<p><\/p>\n","protected":false},"excerpt":{"rendered":"<p>D\u00e9couvrez les plus belles pistes cyclables de Moliets-et-Maa, gr\u00e2ce \u00e0 notre guide des plus belles balades \u00e0 v\u00e9lo.<\/p>\n","protected":false},"author":179199810,"featured_media":2938,"parent":0,"menu_order":0,"comment_status":"closed","ping_status":"closed","template":"","meta":{"_coblocks_attr":"","_coblocks_dimensions":"","_coblocks_responsive_height":"","_coblocks_accordion_ie_support":"","advanced_seo_description":"D\u00e9couvrez les plus belles pistes cyclables de Moliets-et-Maa, gr\u00e2ce \u00e0 notre guide des plus belles balades \u00e0 v\u00e9lo.","jetpack_seo_html_title":"","jetpack_seo_noindex":false,"jetpack_post_was_ever_published":false,"footnotes":""},"class_list":["post-1578","page","type-page","status-publish","has-post-thumbnail","hentry"],"jetpack_likes_enabled":false,"jetpack_sharing_enabled":true,"jetpack_shortlink":"https:\/\/wp.me\/PbEiie-ps","_links":{"self":[{"href":"https:\/\/velo-livre.com\/fr\/wp-json\/wp\/v2\/pages\/1578","targetHints":{"allow":["GET"]}}],"collection":[{"href":"https:\/\/velo-livre.com\/fr\/wp-json\/wp\/v2\/pages"}],"about":[{"href":"https:\/\/velo-livre.com\/fr\/wp-json\/wp\/v2\/types\/page"}],"author":[{"embeddable":true,"href":"https:\/\/velo-livre.com\/fr\/wp-json\/wp\/v2\/users\/179199810"}],"replies":[{"embeddable":true,"href":"https:\/\/velo-livre.com\/fr\/wp-json\/wp\/v2\/comments?post=1578"}],"version-history":[{"count":19,"href":"https:\/\/velo-livre.com\/fr\/wp-json\/wp\/v2\/pages\/1578\/revisions"}],"predecessor-version":[{"id":3310,"href":"https:\/\/velo-livre.com\/fr\/wp-json\/wp\/v2\/pages\/1578\/revisions\/3310"}],"wp:featuredmedia":[{"embeddable":true,"href":"https:\/\/velo-livre.com\/fr\/wp-json\/wp\/v2\/media\/2938"}],"wp:attachment":[{"href":"https:\/\/velo-livre.com\/fr\/wp-json\/wp\/v2\/media?parent=1578"}],"curies":[{"name":"wp","href":"https:\/\/api.w.org\/{rel}","templated":true}]}}